{"id":238,"date":"2018-02-13T23:38:40","date_gmt":"2018-02-13T22:38:40","guid":{"rendered":"https:\/\/bermad.nl\/nl\/?post_type=producten&#038;p=238"},"modified":"2021-12-09T15:36:33","modified_gmt":"2021-12-09T14:36:33","slug":"terugslagklep-check-valve","status":"publish","type":"product","link":"https:\/\/bermad.nl\/nl\/product\/terugslagklep-check-valve\/","title":{"rendered":"Terugslagklep (Check Valve)"},"content":{"rendered":"<p>Deze veerbelaste, terugslagkleppen maken een vrije doorstroom in \u00e9\u00e9n richting mogelijk, maar voorkomen stroming in de tegenovergestelde richting. Ze kunnen in elke richting worden ge\u00efnstalleerd.<\/p>\n","protected":false},"excerpt":{"rendered":"<p>Deze veerbelaste, terugslagkleppen maken een vrije doorstroom in \u00e9\u00e9n richting mogelijk, maar voorkomen stroming in de tegenovergestelde richting. Ze kunnen in elke richting worden ge\u00efnstalleerd.<\/p>\n","protected":false},"featured_media":727,"template":"","meta":{"_acf_changed":false,"footnotes":""},"categories":[8,24],"tags":[],"class_list":["post-238","product","type-product","status-publish","has-post-thumbnail","hentry","category-drinkwater-industriewater","category-pilots-accessoires"],"acf":[],"_links":{"self":[{"href":"https:\/\/bermad.nl\/nl\/wp-json\/wp\/v2\/products\/238","targetHints":{"allow":["GET"]}}],"collection":[{"href":"https:\/\/bermad.nl\/nl\/wp-json\/wp\/v2\/products"}],"about":[{"href":"https:\/\/bermad.nl\/nl\/wp-json\/wp\/v2\/types\/product"}],"version-history":[{"count":1,"href":"https:\/\/bermad.nl\/nl\/wp-json\/wp\/v2\/products\/238\/revisions"}],"predecessor-version":[{"id":1116,"href":"https:\/\/bermad.nl\/nl\/wp-json\/wp\/v2\/products\/238\/revisions\/1116"}],"wp:featuredmedia":[{"embeddable":true,"href":"https:\/\/bermad.nl\/nl\/wp-json\/wp\/v2\/media\/727"}],"wp:attachment":[{"href":"https:\/\/bermad.nl\/nl\/wp-json\/wp\/v2\/media?parent=238"}],"wp:term":[{"taxonomy":"category","embeddable":true,"href":"https:\/\/bermad.nl\/nl\/wp-json\/wp\/v2\/categories?post=238"},{"taxonomy":"post_tag","embeddable":true,"href":"https:\/\/bermad.nl\/nl\/wp-json\/wp\/v2\/tags?post=238"}],"curies":[{"name":"wp","href":"https:\/\/api.w.org\/{rel}","templated":true}]}}